{"id":367,"date":"2023-03-23T17:27:22","date_gmt":"2023-03-23T16:27:22","guid":{"rendered":"https:\/\/franckleprevost.com\/?page_id=367"},"modified":"2023-03-23T17:27:22","modified_gmt":"2023-03-23T16:27:22","slug":"miscellaneous","status":"publish","type":"page","link":"https:\/\/franckleprevost.com\/en\/miscellaneous\/","title":{"rendered":"Miscellaneous"},"content":{"rendered":"<ol class=\"wp-block-list\">\n<li>Classements des universit\u00e9s, concurrence mondiale et g\u00e9opolitique\u00a0: texte de la conf\u00e9rence donn\u00e9e le mardi 23 novembre 2021 \u00e0 l\u2019invitation de l\u2019Association des Ing\u00e9nieurs et Scientifiques du Luxembourg. <a href=\"http:\/\/franckleprevost.com\/wp-content\/uploads\/2023\/03\/conf-inge.pdf\" data-type=\"URL\" data-id=\"http:\/\/franckleprevost.com\/wp-content\/uploads\/2023\/03\/conf-inge.pdf\" target=\"_blank\" rel=\"noreferrer noopener\">Document PDF<\/a>.<\/li>\n<\/ol>","protected":false},"excerpt":{"rendered":"","protected":false},"author":1,"featured_media":0,"parent":0,"menu_order":0,"comment_status":"closed","ping_status":"closed","template":"","meta":{"footnotes":""},"class_list":["post-367","page","type-page","status-publish","hentry"],"_links":{"self":[{"href":"https:\/\/franckleprevost.com\/en\/wp-json\/wp\/v2\/pages\/367","targetHints":{"allow":["GET"]}}],"collection":[{"href":"https:\/\/franckleprevost.com\/en\/wp-json\/wp\/v2\/pages"}],"about":[{"href":"https:\/\/franckleprevost.com\/en\/wp-json\/wp\/v2\/types\/page"}],"author":[{"embeddable":true,"href":"https:\/\/franckleprevost.com\/en\/wp-json\/wp\/v2\/users\/1"}],"replies":[{"embeddable":true,"href":"https:\/\/franckleprevost.com\/en\/wp-json\/wp\/v2\/comments?post=367"}],"version-history":[{"count":2,"href":"https:\/\/franckleprevost.com\/en\/wp-json\/wp\/v2\/pages\/367\/revisions"}],"predecessor-version":[{"id":370,"href":"https:\/\/franckleprevost.com\/en\/wp-json\/wp\/v2\/pages\/367\/revisions\/370"}],"wp:attachment":[{"href":"https:\/\/franckleprevost.com\/en\/wp-json\/wp\/v2\/media?parent=367"}],"curies":[{"name":"wp","href":"https:\/\/api.w.org\/{rel}","templated":true}]}}