{"id":312,"date":"2023-03-23T16:48:36","date_gmt":"2023-03-23T15:48:36","guid":{"rendered":"https:\/\/franckleprevost.com\/?page_id=312"},"modified":"2023-11-21T15:42:01","modified_gmt":"2023-11-21T14:42:01","slug":"articles-in-geopolitics","status":"publish","type":"page","link":"https:\/\/franckleprevost.com\/en\/articles-in-geopolitics\/","title":{"rendered":"Articles in Geopolitics"},"content":{"rendered":"<ol class=\"wp-block-list\">\n<li>D\u00e9ni de service journalistique. <em>Causeur<\/em>, 18\/11\/2023.<br><a href=\"https:\/\/www.causeur.fr\/deni-de-service-journalistique-270023\">https:\/\/www.causeur.fr\/deni-de-service-journalistique-270023<\/a><\/li>\n\n\n\n<li>Raison d\u2019\u00eatre des universit\u00e9s occidentales \u00e0 l\u2019heure du wokisme. <em>Causeur<\/em>, 19\/2\/2022.<br><a href=\"https:\/\/www.causeur.fr\/raison-detre-des-universites-occidentales-a-lheure-du-wokisme-225081\" target=\"_blank\" rel=\"noreferrer noopener\">https:\/\/www.causeur.fr\/raison-detre-des-universites-occidentales-a-lheure-du-wokisme-225081<\/a><\/li>\n\n\n\n<li>Le r\u00f4le civilisationnel des universit\u00e9s. <em>Revue des Deux Mondes<\/em>, p. 165-172 (Avril 2021).<br><a href=\"https:\/\/www.revuedesdeuxmondes.fr\/le-role-civilisationnel-des-universites\/\" target=\"_blank\" rel=\"noreferrer noopener\">https:\/\/www.revuedesdeuxmondes.fr\/le-role-civilisationnel-des-universites\/<\/a><\/li>\n\n\n\n<li>The University of Luxembourg: A National Excellence Initiative.<br>Chapter 9 (p. 152-173) in <em>Accelerated Universities: Ideas and Money Combine to Build Academic Excellence<\/em>.<br>Editors: Ph. G. Altbach, L. Reisberg, J. Salmi and I. Froumin. Vol 40 of the series Global Perspective on Higher Education.<br>Publisher: Brill (The Netherlands) 2018. <a rel=\"noreferrer noopener\" href=\"https:\/\/brill.com\/display\/book\/edcoll\/9789004366107\/BP000018.xml\" target=\"_blank\">https:\/\/brill.com\/display\/book\/edcoll\/9789004366107\/BP000018.xml<\/a><\/li>\n\n\n\n<li>Cryptographie et lutte contre le terrorisme&nbsp;: \u00e9viter les fausses solutions s\u00e9curitaires.<br><em>Revue Droit et D\u00e9fense, Publications du Centre de Recherche Droit et D\u00e9fense de l\u2019Universit\u00e9 Paris V <\/em>(2002).<br><a href=\"https:\/\/www.afdsd.fr\/wp-content\/uploads\/2018\/01\/RDD02-1leprevost.pdf\" target=\"_blank\" rel=\"noreferrer noopener\">https:\/\/www.afdsd.fr\/wp-content\/uploads\/2018\/01\/RDD02-1leprevost.pdf<\/a><\/li>\n\n\n\n<li>Echelon: origines et perspectives d\u2019un d\u00e9bat transnational.<br>With B. Warusfel. <em>Annuaire Fran\u00e7ais des Relations Internationales, <\/em>Vol. 2 (2001).<br><a href=\"https:\/\/www.afri-ct.org\/wp-content\/uploads\/2006\/03\/warusfel2001.pdf\" target=\"_blank\" rel=\"noreferrer noopener\">https:\/\/www.afri-ct.org\/wp-content\/uploads\/2006\/03\/warusfel2001.pdf<\/a><\/li>\n<\/ol>","protected":false},"excerpt":{"rendered":"","protected":false},"author":1,"featured_media":0,"parent":0,"menu_order":0,"comment_status":"closed","ping_status":"closed","template":"","meta":{"footnotes":""},"class_list":["post-312","page","type-page","status-publish","hentry"],"_links":{"self":[{"href":"https:\/\/franckleprevost.com\/en\/wp-json\/wp\/v2\/pages\/312","targetHints":{"allow":["GET"]}}],"collection":[{"href":"https:\/\/franckleprevost.com\/en\/wp-json\/wp\/v2\/pages"}],"about":[{"href":"https:\/\/franckleprevost.com\/en\/wp-json\/wp\/v2\/types\/page"}],"author":[{"embeddable":true,"href":"https:\/\/franckleprevost.com\/en\/wp-json\/wp\/v2\/users\/1"}],"replies":[{"embeddable":true,"href":"https:\/\/franckleprevost.com\/en\/wp-json\/wp\/v2\/comments?post=312"}],"version-history":[{"count":9,"href":"https:\/\/franckleprevost.com\/en\/wp-json\/wp\/v2\/pages\/312\/revisions"}],"predecessor-version":[{"id":1647,"href":"https:\/\/franckleprevost.com\/en\/wp-json\/wp\/v2\/pages\/312\/revisions\/1647"}],"wp:attachment":[{"href":"https:\/\/franckleprevost.com\/en\/wp-json\/wp\/v2\/media?parent=312"}],"curies":[{"name":"wp","href":"https:\/\/api.w.org\/{rel}","templated":true}]}}