{"id":307,"date":"2023-03-23T16:45:13","date_gmt":"2023-03-23T15:45:13","guid":{"rendered":"https:\/\/franckleprevost.com\/?page_id=307"},"modified":"2023-05-04T08:36:04","modified_gmt":"2023-05-04T07:36:04","slug":"articles-in-mathematics","status":"publish","type":"page","link":"https:\/\/franckleprevost.com\/en\/articles-in-mathematics\/","title":{"rendered":"Articles in Mathematics"},"content":{"rendered":"<ol class=\"wp-block-list\">\n<li>On the computation of class polynomials with \u201cThetanullwerte\u201d and its applications to the unit group\u00a0computation.<br>With O. Uzunkohl, M. Pohst, <em>Journal of Experimental Mathematics, <\/em><strong>20<\/strong> (3), 271-281 (2011).<\/li>\n\n\n\n<li>Jacobians of genus 2 curves with a rational point of order 11.<br>With N. Bernard, M. Pohst. <em>Journal of Experimental Mathematics, <\/em><strong>18<\/strong> (1), 65-70 (2009).<\/li>\n\n\n\n<li>Units in some parametric families of quartic fields.<br>With M. Pohst, A. Sch\u00f6pp. <em>Acta Arithmetica <\/em><strong>127<\/strong>, 205-216 (2007).<\/li>\n\n\n\n<li>Generating Anomalous Elliptic Curves.<br>With J. Monnerat, S. Varrette, S. Vaudenay. <em>Journal: Information Processing Letters <\/em><strong>93<\/strong> (5), 225-230 (2005).<\/li>\n\n\n\n<li>Rational torsion of <em>J<\/em><sub>0<\/sub>(<em>N<\/em>) for hyperelliptic modular curves and families of Jacobians of genus 2 and genus 3 curves with rational point of order 5, 7 or 10.<br>With M. Pohst , A. Sch\u00f6pp. <em>Abh. Math. Sem. Univ. Hamburg <\/em><strong>74<\/strong>, 193-203 (2004).<\/li>\n\n\n\n<li>Familles de polyn\u00f4mes li\u00e9es aux courbes modulaires <em>X<\/em><sub>1<\/sub>(<em>l<\/em>) unicursales et points rationnels non-triviaux de courbes elliptiques quotient.<br>With M. Pohst, A. Sch\u00f6pp. <em>Acta Artithmetica <\/em><strong>110<\/strong>, 401-410 (2003).<\/li>\n\n\n\n<li>Empirical evidence for the Birch and Swinnerton-Dyer conjectures for the modular Jacobians of genus 2 curves.<br>With E.V. Flynn, E.F. Schaefer, W. Stein, M. Stoll, J.L. Wetherell. <em>Mathematics of Computation,<\/em> <strong>70<\/strong>, No. 236, 1675-1697 (2001).<\/li>\n\n\n\n<li>Five torsion points on curves of genus two.<br>With John Boxall, David Grant. <em>Journal of the London Mathematical Society <\/em><strong>64<\/strong> (1), 29-43 (2001).<\/li>\n\n\n\n<li>Large torsion subgroups of split Jacobians of curves of genus two or three.<br>With Everett Howe, Bj\u00f6rn Poonen. <em>Forum Mathematicum, <\/em><strong>12<\/strong>, 315-364 (2000).<\/li>\n\n\n\n<li>An infinite tower of genus 2 curves related to the Kowalewski top.<br>With Dimitri Markushevich. <em>Journal f\u00fcr die reine und angewandte Mathematik, <\/em><strong>514<\/strong>, 103-111 (1999).<\/li>\n\n\n\n<li>Sur certaines surfaces elliptiques et courbes elliptiques de Mordell de rang non-nul associ\u00e9es \u00e0 des discriminants de polyn\u00f4mes cubiques ou quartiques.<br><em>Journal of Number Theory, <\/em><strong>78<\/strong>, 149-160 (1999).<\/li>\n\n\n\n<li>Appendice\u00a0: quelques donn\u00e9es statistiques.<br>With Stefane Fermigier, Claus Fieker. <em>Journal of Number Theory, <\/em><strong>78<\/strong>, 160-165 (1999).<\/li>\n\n\n\n<li>The modular points of a genus 2 quotient of <em>X<\/em><sub>0<\/sub>(67).<br><em>Proceeding of the Finite Field Conference of the American Mathematical Society<\/em>. <em>Contemporary Mathematics, <\/em><strong>245<\/strong>, 181-187 (1999).<\/li>\n\n\n\n<li>Rev\u00eatements de courbes elliptiques \u00e0 multiplication complexe par des courbes hyperelliptiques et sommes de caract\u00e8res.<br>With Fran\u00e7ois Morain. <em>Journal of Number Theory. <\/em><strong>64<\/strong> (2), 165-182 (1997).<\/li>\n\n\n\n<li>Une caract\u00e9risation diff\u00e9rentielle des points de Weierstra\u00df g\u00e9n\u00e9ralis\u00e9s d\u2019une surface de Riemann compacte de genre g \u2265 2.<br><em>Journal de Math\u00e9matiques Pures et Appliqu\u00e9es, <\/em><strong>76<\/strong>, 801-80 (1997).<\/li>\n\n\n\n<li>Sur certains sous-groupes de torsion de Jacobiennes de courbes hyperelliptiques de genre g \u2265 1.<br><em>Manuscripta Mathematica, <\/em><strong>92<\/strong> (1), 47-63 (1997).<\/li>\n\n\n\n<li>Sous-groupes de torsion d\u2019ordres \u00e9lev\u00e9s de Jacobiennes d\u00e9composables de courbes de genre 2.<br>With Everett Howe, Bj\u00f6rn Poonen. <em>C.R. Acad. Sci. Paris, <\/em><strong>323<\/strong>, S\u00e9rie 1, No 9, 1031-1034 (1996).<\/li>\n\n\n\n<li>Sur une conjecture sur les points de torsion rationnels des Jacobiennes de courbes.<br><em>Journal f\u00fcr die reine und angewandte Mathematik. <\/em><strong>473<\/strong>, 59-68 (1996).<\/li>\n\n\n\n<li>Jacobiennes des certaines courbes de genre 2&nbsp;: torsion et simplicit\u00e9.<br><em>Journal de Th\u00e9orie des Nombres de Bordeaux, <\/em><strong>7<\/strong>, 283-306<em>, \u00ab&nbsp;Actes des Journ\u00e9es Arithm\u00e9tiques 1993&nbsp;\u00bb <\/em>(1995).<\/li>\n\n\n\n<li>Courbes modulaires et 11-rang de corps quadratiques.<br><em>Experimental Mathematics. <\/em><strong>2<\/strong>, No 2, 137-146 (1993).<\/li>\n\n\n\n<li>Points rationnels de torsion de Jacobiennes de certaines courbes de genre 2.<br><em>C.R. Acad. Sci. Paris, <\/em><strong>316<\/strong>, s\u00e9rie 1, 819-821 (1993).<\/li>\n\n\n\n<li>Famille de courbes hyperelliptiques de genre g munies d\u2019une classe de diviseurs rationnels d\u2019ordre 2g2 +4g +1.<br><em>S\u00e9minaire de Th\u00e9orie des Nombres de Paris, Progress in Math., Birkh\u00e4user, <\/em><strong>116<\/strong>,107-119 (1991-1992).<\/li>\n\n\n\n<li>Torsion sur des familles de courbes de genre g.<br><em>Mauscripta Mathematica, <\/em><strong>75<\/strong>, 303-326 (1992).<\/li>\n\n\n\n<li>Familles de courbes de genres 2 munies d\u2019une classe de diviseurs rationnels d\u2019ordre 15, 17, 19 ou 21.<br><em>C.R. Acad. Sci. Paris, <\/em><strong>313<\/strong>, s\u00e9rie 1, 771-774 (1991).<\/li>\n\n\n\n<li>Famille de courbes de genre 2 munies d\u2019une classe de diviseurs rationnels d\u2019ordre 13.<br><em>C.R. Acad. Sci. Paris, <\/em><strong>313<\/strong>, s\u00e9rie 1, 451-545 (1991).<\/li>\n<\/ol>","protected":false},"excerpt":{"rendered":"","protected":false},"author":1,"featured_media":0,"parent":0,"menu_order":0,"comment_status":"closed","ping_status":"closed","template":"","meta":{"footnotes":""},"class_list":["post-307","page","type-page","status-publish","hentry"],"_links":{"self":[{"href":"https:\/\/franckleprevost.com\/en\/wp-json\/wp\/v2\/pages\/307","targetHints":{"allow":["GET"]}}],"collection":[{"href":"https:\/\/franckleprevost.com\/en\/wp-json\/wp\/v2\/pages"}],"about":[{"href":"https:\/\/franckleprevost.com\/en\/wp-json\/wp\/v2\/types\/page"}],"author":[{"embeddable":true,"href":"https:\/\/franckleprevost.com\/en\/wp-json\/wp\/v2\/users\/1"}],"replies":[{"embeddable":true,"href":"https:\/\/franckleprevost.com\/en\/wp-json\/wp\/v2\/comments?post=307"}],"version-history":[{"count":5,"href":"https:\/\/franckleprevost.com\/en\/wp-json\/wp\/v2\/pages\/307\/revisions"}],"predecessor-version":[{"id":1094,"href":"https:\/\/franckleprevost.com\/en\/wp-json\/wp\/v2\/pages\/307\/revisions\/1094"}],"wp:attachment":[{"href":"https:\/\/franckleprevost.com\/en\/wp-json\/wp\/v2\/media?parent=307"}],"curies":[{"name":"wp","href":"https:\/\/api.w.org\/{rel}","templated":true}]}}